{"id":8,"date":"2021-05-03T07:28:04","date_gmt":"2021-05-03T07:28:04","guid":{"rendered":"http:\/\/phplast.cz\/kosik\/"},"modified":"2021-05-03T07:28:04","modified_gmt":"2021-05-03T07:28:04","slug":"kosik","status":"publish","type":"page","link":"https:\/\/www.phplast.cz\/sk\/kosik\/","title":{"rendered":"Ko\u0161\u00edk"},"content":{"rendered":"","protected":false},"excerpt":{"rendered":"","protected":false},"author":4,"featured_media":0,"parent":0,"menu_order":0,"comment_status":"closed","ping_status":"closed","template":"","meta":{"inline_featured_image":false,"footnotes":""},"folder":[],"class_list":["post-8","page","type-page","status-publish","hentry"],"yoast_head":"<!-- This site is optimized with the Yoast SEO plugin v27.4 - https:\/\/yoast.com\/product\/yoast-seo-wordpress\/ -->\n<title>Ko\u0161\u00edk - PH-plast<\/title>\n<meta name=\"robots\" content=\"index, follow, max-snippet:-1, max-image-preview:large, max-video-preview:-1\" \/>\n<link rel=\"canonical\" href=\"https:\/\/www.phplast.cz\/sk\/kosik\/\" \/>\n<meta property=\"og:locale\" content=\"sk_SK\" \/>\n<meta property=\"og:type\" content=\"article\" \/>\n<meta property=\"og:title\" content=\"Ko\u0161\u00edk - PH-plast\" \/>\n<meta property=\"og:url\" content=\"https:\/\/www.phplast.cz\/sk\/kosik\/\" \/>\n<meta property=\"og:site_name\" content=\"PH-plast\" \/>\n<meta property=\"article:publisher\" content=\"https:\/\/www.facebook.com\/bazenyanadrze\" \/>\n<meta name=\"twitter:card\" content=\"summary_large_image\" \/>\n<script type=\"application\/ld+json\" class=\"yoast-schema-graph\">{\"@context\":\"https:\\\/\\\/schema.org\",\"@graph\":[{\"@type\":\"WebPage\",\"@id\":\"https:\\\/\\\/www.phplast.cz\\\/kosik\\\/\",\"url\":\"https:\\\/\\\/www.phplast.cz\\\/kosik\\\/\",\"name\":\"Ko\u0161\u00edk - PH-plast\",\"isPartOf\":{\"@id\":\"https:\\\/\\\/www.phplast.cz\\\/#website\"},\"datePublished\":\"2021-05-03T07:28:04+00:00\",\"breadcrumb\":{\"@id\":\"https:\\\/\\\/www.phplast.cz\\\/kosik\\\/#breadcrumb\"},\"inLanguage\":\"sk-SK\",\"potentialAction\":[{\"@type\":\"ReadAction\",\"target\":[\"https:\\\/\\\/www.phplast.cz\\\/kosik\\\/\"]}]},{\"@type\":\"BreadcrumbList\",\"@id\":\"https:\\\/\\\/www.phplast.cz\\\/kosik\\\/#breadcrumb\",\"itemListElement\":[{\"@type\":\"ListItem\",\"position\":1,\"name\":\"Dom\u016f\",\"item\":\"https:\\\/\\\/www.phplast.cz\\\/\"},{\"@type\":\"ListItem\",\"position\":2,\"name\":\"Ko\u0161\u00edk\"}]},{\"@type\":\"WebSite\",\"@id\":\"https:\\\/\\\/www.phplast.cz\\\/#website\",\"url\":\"https:\\\/\\\/www.phplast.cz\\\/\",\"name\":\"PH-plast\",\"description\":\"V\u00fdrobce plastov\u00fdch baz\u00e9n\u016f, j\u00edmek, reten\u010dn\u00edch n\u00e1dr\u017e\u00ed, plastov\u00fdch sklep\u016f\",\"publisher\":{\"@id\":\"https:\\\/\\\/www.phplast.cz\\\/#organization\"},\"potentialAction\":[{\"@type\":\"SearchAction\",\"target\":{\"@type\":\"EntryPoint\",\"urlTemplate\":\"https:\\\/\\\/www.phplast.cz\\\/?s={search_term_string}\"},\"query-input\":{\"@type\":\"PropertyValueSpecification\",\"valueRequired\":true,\"valueName\":\"search_term_string\"}}],\"inLanguage\":\"sk-SK\"},{\"@type\":\"Organization\",\"@id\":\"https:\\\/\\\/www.phplast.cz\\\/#organization\",\"name\":\"PH-PLAST s.r.o.\",\"url\":\"https:\\\/\\\/www.phplast.cz\\\/\",\"logo\":{\"@type\":\"ImageObject\",\"inLanguage\":\"sk-SK\",\"@id\":\"https:\\\/\\\/www.phplast.cz\\\/#\\\/schema\\\/logo\\\/image\\\/\",\"url\":\"https:\\\/\\\/phplast.cz\\\/wp-content\\\/uploads\\\/2021\\\/05\\\/logo-1.svg\",\"contentUrl\":\"https:\\\/\\\/phplast.cz\\\/wp-content\\\/uploads\\\/2021\\\/05\\\/logo-1.svg\",\"width\":250,\"height\":85,\"caption\":\"PH-PLAST s.r.o.\"},\"image\":{\"@id\":\"https:\\\/\\\/www.phplast.cz\\\/#\\\/schema\\\/logo\\\/image\\\/\"},\"sameAs\":[\"https:\\\/\\\/www.facebook.com\\\/bazenyanadrze\"]}]}<\/script>\n<!-- \/ Yoast SEO plugin. -->","yoast_head_json":{"title":"Ko\u0161\u00edk - PH-plast","robots":{"index":"index","follow":"follow","max-snippet":"max-snippet:-1","max-image-preview":"max-image-preview:large","max-video-preview":"max-video-preview:-1"},"canonical":"https:\/\/www.phplast.cz\/sk\/kosik\/","og_locale":"sk_SK","og_type":"article","og_title":"Ko\u0161\u00edk - PH-plast","og_url":"https:\/\/www.phplast.cz\/sk\/kosik\/","og_site_name":"PH-plast","article_publisher":"https:\/\/www.facebook.com\/bazenyanadrze","twitter_card":"summary_large_image","schema":{"@context":"https:\/\/schema.org","@graph":[{"@type":"WebPage","@id":"https:\/\/www.phplast.cz\/kosik\/","url":"https:\/\/www.phplast.cz\/kosik\/","name":"Ko\u0161\u00edk - PH-plast","isPartOf":{"@id":"https:\/\/www.phplast.cz\/#website"},"datePublished":"2021-05-03T07:28:04+00:00","breadcrumb":{"@id":"https:\/\/www.phplast.cz\/kosik\/#breadcrumb"},"inLanguage":"sk-SK","potentialAction":[{"@type":"ReadAction","target":["https:\/\/www.phplast.cz\/kosik\/"]}]},{"@type":"BreadcrumbList","@id":"https:\/\/www.phplast.cz\/kosik\/#breadcrumb","itemListElement":[{"@type":"ListItem","position":1,"name":"Dom\u016f","item":"https:\/\/www.phplast.cz\/"},{"@type":"ListItem","position":2,"name":"Ko\u0161\u00edk"}]},{"@type":"WebSite","@id":"https:\/\/www.phplast.cz\/#website","url":"https:\/\/www.phplast.cz\/","name":"PH-plast","description":"V\u00fdrobce plastov\u00fdch baz\u00e9n\u016f, j\u00edmek, reten\u010dn\u00edch n\u00e1dr\u017e\u00ed, plastov\u00fdch sklep\u016f","publisher":{"@id":"https:\/\/www.phplast.cz\/#organization"},"potentialAction":[{"@type":"SearchAction","target":{"@type":"EntryPoint","urlTemplate":"https:\/\/www.phplast.cz\/?s={search_term_string}"},"query-input":{"@type":"PropertyValueSpecification","valueRequired":true,"valueName":"search_term_string"}}],"inLanguage":"sk-SK"},{"@type":"Organization","@id":"https:\/\/www.phplast.cz\/#organization","name":"PH-PLAST s.r.o.","url":"https:\/\/www.phplast.cz\/","logo":{"@type":"ImageObject","inLanguage":"sk-SK","@id":"https:\/\/www.phplast.cz\/#\/schema\/logo\/image\/","url":"https:\/\/phplast.cz\/wp-content\/uploads\/2021\/05\/logo-1.svg","contentUrl":"https:\/\/phplast.cz\/wp-content\/uploads\/2021\/05\/logo-1.svg","width":250,"height":85,"caption":"PH-PLAST s.r.o."},"image":{"@id":"https:\/\/www.phplast.cz\/#\/schema\/logo\/image\/"},"sameAs":["https:\/\/www.facebook.com\/bazenyanadrze"]}]}},"_links":{"self":[{"href":"https:\/\/www.phplast.cz\/sk\/wp-json\/wp\/v2\/pages\/8","targetHints":{"allow":["GET"]}}],"collection":[{"href":"https:\/\/www.phplast.cz\/sk\/wp-json\/wp\/v2\/pages"}],"about":[{"href":"https:\/\/www.phplast.cz\/sk\/wp-json\/wp\/v2\/types\/page"}],"author":[{"embeddable":true,"href":"https:\/\/www.phplast.cz\/sk\/wp-json\/wp\/v2\/users\/4"}],"replies":[{"embeddable":true,"href":"https:\/\/www.phplast.cz\/sk\/wp-json\/wp\/v2\/comments?post=8"}],"version-history":[{"count":0,"href":"https:\/\/www.phplast.cz\/sk\/wp-json\/wp\/v2\/pages\/8\/revisions"}],"wp:attachment":[{"href":"https:\/\/www.phplast.cz\/sk\/wp-json\/wp\/v2\/media?parent=8"}],"wp:term":[{"taxonomy":"folder","embeddable":true,"href":"https:\/\/www.phplast.cz\/sk\/wp-json\/wp\/v2\/folder?post=8"}],"curies":[{"name":"wp","href":"https:\/\/api.w.org\/{rel}","templated":true}]}}