{"id":177,"date":"2021-06-08T08:36:36","date_gmt":"2021-06-08T06:36:36","guid":{"rendered":"http:\/\/phplast.cz\/produkt\/mia-15\/"},"modified":"2023-07-31T17:17:05","modified_gmt":"2023-07-31T15:17:05","slug":"vodomerna-sachta-01","status":"publish","type":"product","link":"https:\/\/www.phplast.cz\/sk\/produkt\/vodomerna-sachta-01\/","title":{"rendered":"Vodomern\u00e1 \u0161achta 01"},"content":{"rendered":"<p><a href=\"https:\/\/www.phplast.cz\/sk\/realizace\/\">Vodomern\u00e1 \u0161achta<\/a> je n\u00e1dr\u017e, do ktorej sa in\u0161taluje vodomer. Vyroben\u00e1 z plastu a ur\u010den\u00e1 na obet\u00f3novanie a umiestnenie pod zem. Vodomern\u00e9 \u0161achty dod\u00e1vame s kompletnou nutnou certifik\u00e1ciou. N\u00e1dr\u017ee vyr\u00e1bame z kvalitn\u00e9ho materi\u00e1lu - plnohodnotn\u00fd polypropyl\u00e9n (\u017eiadny recykl\u00e1t). Jeho zv\u00e1ranie vykon\u00e1vaj\u00fa odborn\u00edci s dlhoro\u010dn\u00fdmi sk\u00fasenos\u0165ami a bohatou praxou vo zv\u00e1ran\u00ed plastov. Umiest\u0148uje sa najm\u00e4 v pr\u00edpadoch: vodovodn\u00fd poriadok veden\u00fd vo v\u00e4\u010d\u0161ej vzdialenosti od domu a umiestnenie samotn\u00e9ho vodomeru v dome nie je doporu\u010den\u00e9 alebo ho nie je mo\u017en\u00e9 vykona\u0165.<\/p>","protected":false},"excerpt":{"rendered":"<p>Vodom\u011brn\u00e1 \u0161achta je n\u00e1dr\u017e, do kter\u00e9 se instaluje vodom\u011br. Vyroben\u00e1 z plastu a ur\u010den\u00e1 k obetonov\u00e1n\u00ed a um\u00edst\u011bn\u00ed pod zem. Vodom\u011brn\u00e9 \u0161achty dod\u00e1v\u00e1me s kompletn\u00ed nutnou certifikac\u00ed.\u00a0 N\u00e1dr\u017ee vyr\u00e1b\u00edme z kvalitn\u00edho materi\u00e1lu &#8211; plnohodnotn\u00fd polypropylen (\u017e\u00e1dn\u00fd recykl\u00e1t). Jeho sva\u0159ov\u00e1n\u00ed prov\u00e1d\u00ed odborn\u00edci s dlouholet\u00fdmi zku\u0161enostmi a bohatou prax\u00ed ve sva\u0159ov\u00e1n\u00ed plast\u016f. Umis\u0165uje se zejm\u00e9na v p\u0159\u00edpadech: [&hellip;]<\/p>","protected":false},"featured_media":456,"template":"","meta":{"inline_featured_image":false},"product_brand":[],"product_cat":[17],"product_tag":[],"class_list":{"0":"post-177","1":"product","2":"type-product","3":"status-publish","4":"has-post-thumbnail","6":"product_cat-vodomerne-sachty","8":"first","9":"instock","10":"purchasable","11":"product-type-simple"},"yoast_head":"<!-- This site is optimized with the Yoast SEO plugin v27.4 - https:\/\/yoast.com\/product\/yoast-seo-wordpress\/ -->\n<title>Vodom\u011brn\u00e1 \u0161achta 01 - PH-plast<\/title>\n<meta name=\"description\" content=\"Vodom\u011brn\u00e1 \u0161achta je n\u00e1dr\u017e, do kter\u00e9 se instaluje vodom\u011br. Vyroben\u00e1 z plastu a ur\u010den\u00e1 k obetonov\u00e1n\u00ed a um\u00edst\u011bn\u00ed pod zem. Vodom\u011brn\u00e9 \u0161achty dod\u00e1v\u00e1me s kompletn\u00ed nutnou certifikac\u00ed.\" \/>\n<meta name=\"robots\" content=\"index, follow, max-snippet:-1, max-image-preview:large, max-video-preview:-1\" \/>\n<link rel=\"canonical\" href=\"https:\/\/www.phplast.cz\/sk\/produkt\/vodomerna-sachta-01\/\" \/>\n<meta property=\"og:locale\" content=\"sk_SK\" \/>\n<meta property=\"og:type\" content=\"article\" \/>\n<meta property=\"og:title\" content=\"Vodom\u011brn\u00e1 \u0161achta 01 - PH-plast\" \/>\n<meta property=\"og:description\" content=\"Vodom\u011brn\u00e1 \u0161achta je n\u00e1dr\u017e, do kter\u00e9 se instaluje vodom\u011br. Vyroben\u00e1 z plastu a ur\u010den\u00e1 k obetonov\u00e1n\u00ed a um\u00edst\u011bn\u00ed pod zem. Vodom\u011brn\u00e9 \u0161achty dod\u00e1v\u00e1me s kompletn\u00ed nutnou certifikac\u00ed.\" \/>\n<meta property=\"og:url\" content=\"https:\/\/www.phplast.cz\/sk\/produkt\/vodomerna-sachta-01\/\" \/>\n<meta property=\"og:site_name\" content=\"PH-plast\" \/>\n<meta property=\"article:publisher\" content=\"https:\/\/www.facebook.com\/bazenyanadrze\" \/>\n<meta property=\"article:modified_time\" content=\"2023-07-31T15:17:05+00:00\" \/>\n<meta property=\"og:image\" content=\"https:\/\/www.phplast.cz\/wp-content\/uploads\/2022\/02\/vodomerna-sachta-kulata.jpg\" \/>\n\t<meta property=\"og:image:width\" content=\"2112\" \/>\n\t<meta property=\"og:image:height\" content=\"2112\" \/>\n\t<meta property=\"og:image:type\" content=\"image\/jpeg\" \/>\n<meta name=\"twitter:card\" content=\"summary_large_image\" \/>\n<meta name=\"twitter:label1\" content=\"Predpokladan\u00fd \u010das \u010d\u00edtania\" \/>\n\t<meta name=\"twitter:data1\" content=\"1 min\u00fata\" \/>\n<script type=\"application\/ld+json\" class=\"yoast-schema-graph\">{\"@context\":\"https:\\\/\\\/schema.org\",\"@graph\":[{\"@type\":\"WebPage\",\"@id\":\"https:\\\/\\\/www.phplast.cz\\\/produkt\\\/vodomerna-sachta-01\\\/\",\"url\":\"https:\\\/\\\/www.phplast.cz\\\/produkt\\\/vodomerna-sachta-01\\\/\",\"name\":\"Vodom\u011brn\u00e1 \u0161achta 01 - PH-plast\",\"isPartOf\":{\"@id\":\"https:\\\/\\\/www.phplast.cz\\\/#website\"},\"primaryImageOfPage\":{\"@id\":\"https:\\\/\\\/www.phplast.cz\\\/produkt\\\/vodomerna-sachta-01\\\/#primaryimage\"},\"image\":{\"@id\":\"https:\\\/\\\/www.phplast.cz\\\/produkt\\\/vodomerna-sachta-01\\\/#primaryimage\"},\"thumbnailUrl\":\"https:\\\/\\\/www.phplast.cz\\\/wp-content\\\/uploads\\\/2022\\\/02\\\/vodomerna-sachta-kulata.jpg\",\"datePublished\":\"2021-06-08T06:36:36+00:00\",\"dateModified\":\"2023-07-31T15:17:05+00:00\",\"description\":\"Vodom\u011brn\u00e1 \u0161achta je n\u00e1dr\u017e, do kter\u00e9 se instaluje vodom\u011br. Vyroben\u00e1 z plastu a ur\u010den\u00e1 k obetonov\u00e1n\u00ed a um\u00edst\u011bn\u00ed pod zem. Vodom\u011brn\u00e9 \u0161achty dod\u00e1v\u00e1me s kompletn\u00ed nutnou certifikac\u00ed.\",\"breadcrumb\":{\"@id\":\"https:\\\/\\\/www.phplast.cz\\\/produkt\\\/vodomerna-sachta-01\\\/#breadcrumb\"},\"inLanguage\":\"sk-SK\",\"potentialAction\":[{\"@type\":\"ReadAction\",\"target\":[\"https:\\\/\\\/www.phplast.cz\\\/produkt\\\/vodomerna-sachta-01\\\/\"]}]},{\"@type\":\"ImageObject\",\"inLanguage\":\"sk-SK\",\"@id\":\"https:\\\/\\\/www.phplast.cz\\\/produkt\\\/vodomerna-sachta-01\\\/#primaryimage\",\"url\":\"https:\\\/\\\/www.phplast.cz\\\/wp-content\\\/uploads\\\/2022\\\/02\\\/vodomerna-sachta-kulata.jpg\",\"contentUrl\":\"https:\\\/\\\/www.phplast.cz\\\/wp-content\\\/uploads\\\/2022\\\/02\\\/vodomerna-sachta-kulata.jpg\",\"width\":2112,\"height\":2112},{\"@type\":\"BreadcrumbList\",\"@id\":\"https:\\\/\\\/www.phplast.cz\\\/produkt\\\/vodomerna-sachta-01\\\/#breadcrumb\",\"itemListElement\":[{\"@type\":\"ListItem\",\"position\":1,\"name\":\"Dom\u016f\",\"item\":\"https:\\\/\\\/www.phplast.cz\\\/\"},{\"@type\":\"ListItem\",\"position\":2,\"name\":\"Obchod\",\"item\":\"https:\\\/\\\/www.phplast.cz\\\/obchod\\\/\"},{\"@type\":\"ListItem\",\"position\":3,\"name\":\"Vodom\u011brn\u00e1 \u0161achta 01\"}]},{\"@type\":\"WebSite\",\"@id\":\"https:\\\/\\\/www.phplast.cz\\\/#website\",\"url\":\"https:\\\/\\\/www.phplast.cz\\\/\",\"name\":\"PH-plast\",\"description\":\"V\u00fdrobce plastov\u00fdch baz\u00e9n\u016f, j\u00edmek, reten\u010dn\u00edch n\u00e1dr\u017e\u00ed, plastov\u00fdch sklep\u016f\",\"publisher\":{\"@id\":\"https:\\\/\\\/www.phplast.cz\\\/#organization\"},\"potentialAction\":[{\"@type\":\"SearchAction\",\"target\":{\"@type\":\"EntryPoint\",\"urlTemplate\":\"https:\\\/\\\/www.phplast.cz\\\/?s={search_term_string}\"},\"query-input\":{\"@type\":\"PropertyValueSpecification\",\"valueRequired\":true,\"valueName\":\"search_term_string\"}}],\"inLanguage\":\"sk-SK\"},{\"@type\":\"Organization\",\"@id\":\"https:\\\/\\\/www.phplast.cz\\\/#organization\",\"name\":\"PH-PLAST s.r.o.\",\"url\":\"https:\\\/\\\/www.phplast.cz\\\/\",\"logo\":{\"@type\":\"ImageObject\",\"inLanguage\":\"sk-SK\",\"@id\":\"https:\\\/\\\/www.phplast.cz\\\/#\\\/schema\\\/logo\\\/image\\\/\",\"url\":\"https:\\\/\\\/phplast.cz\\\/wp-content\\\/uploads\\\/2021\\\/05\\\/logo-1.svg\",\"contentUrl\":\"https:\\\/\\\/phplast.cz\\\/wp-content\\\/uploads\\\/2021\\\/05\\\/logo-1.svg\",\"width\":250,\"height\":85,\"caption\":\"PH-PLAST s.r.o.\"},\"image\":{\"@id\":\"https:\\\/\\\/www.phplast.cz\\\/#\\\/schema\\\/logo\\\/image\\\/\"},\"sameAs\":[\"https:\\\/\\\/www.facebook.com\\\/bazenyanadrze\"]}]}<\/script>\n<!-- \/ Yoast SEO plugin. -->","yoast_head_json":{"title":"Vodom\u011brn\u00e1 \u0161achta 01 - PH-plast","description":"Vodom\u011brn\u00e1 \u0161achta je n\u00e1dr\u017e, do kter\u00e9 se instaluje vodom\u011br. Vyroben\u00e1 z plastu a ur\u010den\u00e1 k obetonov\u00e1n\u00ed a um\u00edst\u011bn\u00ed pod zem. Vodom\u011brn\u00e9 \u0161achty dod\u00e1v\u00e1me s kompletn\u00ed nutnou certifikac\u00ed.","robots":{"index":"index","follow":"follow","max-snippet":"max-snippet:-1","max-image-preview":"max-image-preview:large","max-video-preview":"max-video-preview:-1"},"canonical":"https:\/\/www.phplast.cz\/sk\/produkt\/vodomerna-sachta-01\/","og_locale":"sk_SK","og_type":"article","og_title":"Vodom\u011brn\u00e1 \u0161achta 01 - PH-plast","og_description":"Vodom\u011brn\u00e1 \u0161achta je n\u00e1dr\u017e, do kter\u00e9 se instaluje vodom\u011br. Vyroben\u00e1 z plastu a ur\u010den\u00e1 k obetonov\u00e1n\u00ed a um\u00edst\u011bn\u00ed pod zem. Vodom\u011brn\u00e9 \u0161achty dod\u00e1v\u00e1me s kompletn\u00ed nutnou certifikac\u00ed.","og_url":"https:\/\/www.phplast.cz\/sk\/produkt\/vodomerna-sachta-01\/","og_site_name":"PH-plast","article_publisher":"https:\/\/www.facebook.com\/bazenyanadrze","article_modified_time":"2023-07-31T15:17:05+00:00","og_image":[{"width":2112,"height":2112,"url":"https:\/\/www.phplast.cz\/wp-content\/uploads\/2022\/02\/vodomerna-sachta-kulata.jpg","type":"image\/jpeg"}],"twitter_card":"summary_large_image","twitter_misc":{"Predpokladan\u00fd \u010das \u010d\u00edtania":"1 min\u00fata"},"schema":{"@context":"https:\/\/schema.org","@graph":[{"@type":"WebPage","@id":"https:\/\/www.phplast.cz\/produkt\/vodomerna-sachta-01\/","url":"https:\/\/www.phplast.cz\/produkt\/vodomerna-sachta-01\/","name":"Vodom\u011brn\u00e1 \u0161achta 01 - PH-plast","isPartOf":{"@id":"https:\/\/www.phplast.cz\/#website"},"primaryImageOfPage":{"@id":"https:\/\/www.phplast.cz\/produkt\/vodomerna-sachta-01\/#primaryimage"},"image":{"@id":"https:\/\/www.phplast.cz\/produkt\/vodomerna-sachta-01\/#primaryimage"},"thumbnailUrl":"https:\/\/www.phplast.cz\/wp-content\/uploads\/2022\/02\/vodomerna-sachta-kulata.jpg","datePublished":"2021-06-08T06:36:36+00:00","dateModified":"2023-07-31T15:17:05+00:00","description":"Vodom\u011brn\u00e1 \u0161achta je n\u00e1dr\u017e, do kter\u00e9 se instaluje vodom\u011br. Vyroben\u00e1 z plastu a ur\u010den\u00e1 k obetonov\u00e1n\u00ed a um\u00edst\u011bn\u00ed pod zem. Vodom\u011brn\u00e9 \u0161achty dod\u00e1v\u00e1me s kompletn\u00ed nutnou certifikac\u00ed.","breadcrumb":{"@id":"https:\/\/www.phplast.cz\/produkt\/vodomerna-sachta-01\/#breadcrumb"},"inLanguage":"sk-SK","potentialAction":[{"@type":"ReadAction","target":["https:\/\/www.phplast.cz\/produkt\/vodomerna-sachta-01\/"]}]},{"@type":"ImageObject","inLanguage":"sk-SK","@id":"https:\/\/www.phplast.cz\/produkt\/vodomerna-sachta-01\/#primaryimage","url":"https:\/\/www.phplast.cz\/wp-content\/uploads\/2022\/02\/vodomerna-sachta-kulata.jpg","contentUrl":"https:\/\/www.phplast.cz\/wp-content\/uploads\/2022\/02\/vodomerna-sachta-kulata.jpg","width":2112,"height":2112},{"@type":"BreadcrumbList","@id":"https:\/\/www.phplast.cz\/produkt\/vodomerna-sachta-01\/#breadcrumb","itemListElement":[{"@type":"ListItem","position":1,"name":"Dom\u016f","item":"https:\/\/www.phplast.cz\/"},{"@type":"ListItem","position":2,"name":"Obchod","item":"https:\/\/www.phplast.cz\/obchod\/"},{"@type":"ListItem","position":3,"name":"Vodom\u011brn\u00e1 \u0161achta 01"}]},{"@type":"WebSite","@id":"https:\/\/www.phplast.cz\/#website","url":"https:\/\/www.phplast.cz\/","name":"PH-plast","description":"V\u00fdrobce plastov\u00fdch baz\u00e9n\u016f, j\u00edmek, reten\u010dn\u00edch n\u00e1dr\u017e\u00ed, plastov\u00fdch sklep\u016f","publisher":{"@id":"https:\/\/www.phplast.cz\/#organization"},"potentialAction":[{"@type":"SearchAction","target":{"@type":"EntryPoint","urlTemplate":"https:\/\/www.phplast.cz\/?s={search_term_string}"},"query-input":{"@type":"PropertyValueSpecification","valueRequired":true,"valueName":"search_term_string"}}],"inLanguage":"sk-SK"},{"@type":"Organization","@id":"https:\/\/www.phplast.cz\/#organization","name":"PH-PLAST s.r.o.","url":"https:\/\/www.phplast.cz\/","logo":{"@type":"ImageObject","inLanguage":"sk-SK","@id":"https:\/\/www.phplast.cz\/#\/schema\/logo\/image\/","url":"https:\/\/phplast.cz\/wp-content\/uploads\/2021\/05\/logo-1.svg","contentUrl":"https:\/\/phplast.cz\/wp-content\/uploads\/2021\/05\/logo-1.svg","width":250,"height":85,"caption":"PH-PLAST s.r.o."},"image":{"@id":"https:\/\/www.phplast.cz\/#\/schema\/logo\/image\/"},"sameAs":["https:\/\/www.facebook.com\/bazenyanadrze"]}]}},"_links":{"self":[{"href":"https:\/\/www.phplast.cz\/sk\/wp-json\/wp\/v2\/product\/177","targetHints":{"allow":["GET"]}}],"collection":[{"href":"https:\/\/www.phplast.cz\/sk\/wp-json\/wp\/v2\/product"}],"about":[{"href":"https:\/\/www.phplast.cz\/sk\/wp-json\/wp\/v2\/types\/product"}],"wp:featuredmedia":[{"embeddable":true,"href":"https:\/\/www.phplast.cz\/sk\/wp-json\/wp\/v2\/media\/456"}],"wp:attachment":[{"href":"https:\/\/www.phplast.cz\/sk\/wp-json\/wp\/v2\/media?parent=177"}],"wp:term":[{"taxonomy":"product_brand","embeddable":true,"href":"https:\/\/www.phplast.cz\/sk\/wp-json\/wp\/v2\/product_brand?post=177"},{"taxonomy":"product_cat","embeddable":true,"href":"https:\/\/www.phplast.cz\/sk\/wp-json\/wp\/v2\/product_cat?post=177"},{"taxonomy":"product_tag","embeddable":true,"href":"https:\/\/www.phplast.cz\/sk\/wp-json\/wp\/v2\/product_tag?post=177"}],"curies":[{"name":"wp","href":"https:\/\/api.w.org\/{rel}","templated":true}]}}