{"id":603,"date":"2022-02-20T16:58:20","date_gmt":"2022-02-20T14:58:20","guid":{"rendered":"http:\/\/phplast.cz\/?post_type=product&#038;p=603"},"modified":"2023-07-31T13:37:02","modified_gmt":"2023-07-31T11:37:02","slug":"nadrz-na-pitnou-vodu-2-m3-5-2","status":"publish","type":"product","link":"https:\/\/www.phplast.cz\/sk\/produkt\/nadrz-na-pitnou-vodu-2-m3-5-2\/","title":{"rendered":"N\u00e1dr\u017e na pitn\u00fa vodu 2\u00a0m3"},"content":{"rendered":"<p><a href=\"https:\/\/www.phplast.cz\/sk\/realizace\/\">N\u00e1dr\u017e<\/a> na pitn\u00fa vodu s objemom 2 m3, ur\u010den\u00e1 na obet\u00f3novanie a umiestnenie pod zem. Tieto n\u00e1dr\u017ee dod\u00e1vame s kompletnou nutnou certifik\u00e1ciou pre kolaud\u00e1ciu. S\u00fa vyroben\u00e9 z kvalitn\u00e9ho materi\u00e1lu, ktor\u00fd je samozrejme certifikovan\u00fd na uchov\u00e1vanie pitnej vody. Zv\u00e1ranie vykon\u00e1vaj\u00fa odborn\u00edci s dlhoro\u010dn\u00fdmi sk\u00fasenos\u0165ami a bohatou praxou vo zv\u00e1ran\u00ed plastov. N\u00e1dr\u017ee sa umiest\u0148uj\u00fa na miesta, kde nie je spodn\u00e1 voda a do miest s vysok\u00fdm v\u00fdskytom \u00edlu.<\/p>","protected":false},"excerpt":{"rendered":"<p>N\u00e1dr\u017e na pitnou vodu o objemu 2 m3, ur\u010den\u00e1 k obetonov\u00e1n\u00ed a um\u00edst\u011bn\u00ed pod zem. Tyto n\u00e1dr\u017ee dod\u00e1v\u00e1me s kompletn\u00ed nutnou certifikac\u00ed pro kolaudaci. Jsou vyroben\u00e9 z kvalitn\u00edho materi\u00e1lu, kter\u00fd je samoz\u0159ejm\u011b certifikovan\u00fd pro uchov\u00e1v\u00e1n\u00ed pitn\u00e9 vody. Sva\u0159ov\u00e1n\u00ed prov\u00e1d\u00ed odborn\u00edci s dlouholet\u00fdmi zku\u0161enostmi a bohatou prax\u00ed ve sva\u0159ov\u00e1n\u00ed plast\u016f. N\u00e1dr\u017ee se umis\u0165uj\u00ed na m\u00edsta, kde [&hellip;]<\/p>","protected":false},"featured_media":492,"template":"","meta":{"inline_featured_image":false},"product_brand":[],"product_cat":[45,60,65],"product_tag":[],"class_list":{"0":"post-603","1":"product","2":"type-product","3":"status-publish","4":"has-post-thumbnail","6":"product_cat-nadrze-na-pitnou-vodu","7":"product_cat-kulate-nadrze-na-pitnou-vodu","8":"product_cat-k-obetonovani-kulate-nadrze-na-pitnou-vodu","10":"first","11":"instock","12":"taxable","13":"shipping-taxable","14":"purchasable","15":"product-type-simple"},"yoast_head":"<!-- This site is optimized with the Yoast SEO plugin v27.4 - https:\/\/yoast.com\/product\/yoast-seo-wordpress\/ -->\n<title>N\u00e1dr\u017e na pitnou vodu 2\u00a0m3 - PH-plast<\/title>\n<meta name=\"description\" content=\"N\u00e1dr\u017e na pitnou vodu o objemu 2 m3, ur\u010den\u00e1 k obetonov\u00e1n\u00ed a um\u00edst\u011bn\u00ed pod zem. Tyto n\u00e1dr\u017ee dod\u00e1v\u00e1me s kompletn\u00ed nutnou certifikac\u00ed pro kolaudaci.\" \/>\n<meta name=\"robots\" content=\"index, follow, max-snippet:-1, max-image-preview:large, max-video-preview:-1\" \/>\n<link rel=\"canonical\" href=\"https:\/\/www.phplast.cz\/sk\/produkt\/nadrz-na-pitnou-vodu-2-m3-5-2\/\" \/>\n<meta property=\"og:locale\" content=\"sk_SK\" \/>\n<meta property=\"og:type\" content=\"article\" \/>\n<meta property=\"og:title\" content=\"N\u00e1dr\u017e na pitnou vodu 2\u00a0m3 - PH-plast\" \/>\n<meta property=\"og:description\" content=\"N\u00e1dr\u017e na pitnou vodu o objemu 2 m3, ur\u010den\u00e1 k obetonov\u00e1n\u00ed a um\u00edst\u011bn\u00ed pod zem. Tyto n\u00e1dr\u017ee dod\u00e1v\u00e1me s kompletn\u00ed nutnou certifikac\u00ed pro kolaudaci.\" \/>\n<meta property=\"og:url\" content=\"https:\/\/www.phplast.cz\/sk\/produkt\/nadrz-na-pitnou-vodu-2-m3-5-2\/\" \/>\n<meta property=\"og:site_name\" content=\"PH-plast\" \/>\n<meta property=\"article:publisher\" content=\"https:\/\/www.facebook.com\/bazenyanadrze\" \/>\n<meta property=\"article:modified_time\" content=\"2023-07-31T11:37:02+00:00\" \/>\n<meta property=\"og:image\" content=\"https:\/\/www.phplast.cz\/wp-content\/uploads\/2022\/02\/Nadrz-destova-kulata-k-obetonovani-1.jpg\" \/>\n\t<meta property=\"og:image:width\" content=\"1\" \/>\n\t<meta property=\"og:image:height\" content=\"1\" \/>\n\t<meta property=\"og:image:type\" content=\"image\/jpeg\" \/>\n<meta name=\"twitter:card\" content=\"summary_large_image\" \/>\n<script type=\"application\/ld+json\" class=\"yoast-schema-graph\">{\"@context\":\"https:\\\/\\\/schema.org\",\"@graph\":[{\"@type\":\"WebPage\",\"@id\":\"https:\\\/\\\/www.phplast.cz\\\/produkt\\\/nadrz-na-pitnou-vodu-2-m3-5-2\\\/\",\"url\":\"https:\\\/\\\/www.phplast.cz\\\/produkt\\\/nadrz-na-pitnou-vodu-2-m3-5-2\\\/\",\"name\":\"N\u00e1dr\u017e na pitnou vodu 2\u00a0m3 - PH-plast\",\"isPartOf\":{\"@id\":\"https:\\\/\\\/www.phplast.cz\\\/#website\"},\"primaryImageOfPage\":{\"@id\":\"https:\\\/\\\/www.phplast.cz\\\/produkt\\\/nadrz-na-pitnou-vodu-2-m3-5-2\\\/#primaryimage\"},\"image\":{\"@id\":\"https:\\\/\\\/www.phplast.cz\\\/produkt\\\/nadrz-na-pitnou-vodu-2-m3-5-2\\\/#primaryimage\"},\"thumbnailUrl\":\"https:\\\/\\\/www.phplast.cz\\\/wp-content\\\/uploads\\\/2022\\\/02\\\/Nadrz-destova-kulata-k-obetonovani-1.jpg\",\"datePublished\":\"2022-02-20T14:58:20+00:00\",\"dateModified\":\"2023-07-31T11:37:02+00:00\",\"description\":\"N\u00e1dr\u017e na pitnou vodu o objemu 2 m3, ur\u010den\u00e1 k obetonov\u00e1n\u00ed a um\u00edst\u011bn\u00ed pod zem. Tyto n\u00e1dr\u017ee dod\u00e1v\u00e1me s kompletn\u00ed nutnou certifikac\u00ed pro kolaudaci.\",\"breadcrumb\":{\"@id\":\"https:\\\/\\\/www.phplast.cz\\\/produkt\\\/nadrz-na-pitnou-vodu-2-m3-5-2\\\/#breadcrumb\"},\"inLanguage\":\"sk-SK\",\"potentialAction\":[{\"@type\":\"ReadAction\",\"target\":[\"https:\\\/\\\/www.phplast.cz\\\/produkt\\\/nadrz-na-pitnou-vodu-2-m3-5-2\\\/\"]}]},{\"@type\":\"ImageObject\",\"inLanguage\":\"sk-SK\",\"@id\":\"https:\\\/\\\/www.phplast.cz\\\/produkt\\\/nadrz-na-pitnou-vodu-2-m3-5-2\\\/#primaryimage\",\"url\":\"https:\\\/\\\/www.phplast.cz\\\/wp-content\\\/uploads\\\/2022\\\/02\\\/Nadrz-destova-kulata-k-obetonovani-1.jpg\",\"contentUrl\":\"https:\\\/\\\/www.phplast.cz\\\/wp-content\\\/uploads\\\/2022\\\/02\\\/Nadrz-destova-kulata-k-obetonovani-1.jpg\"},{\"@type\":\"BreadcrumbList\",\"@id\":\"https:\\\/\\\/www.phplast.cz\\\/produkt\\\/nadrz-na-pitnou-vodu-2-m3-5-2\\\/#breadcrumb\",\"itemListElement\":[{\"@type\":\"ListItem\",\"position\":1,\"name\":\"Dom\u016f\",\"item\":\"https:\\\/\\\/www.phplast.cz\\\/\"},{\"@type\":\"ListItem\",\"position\":2,\"name\":\"Obchod\",\"item\":\"https:\\\/\\\/www.phplast.cz\\\/obchod\\\/\"},{\"@type\":\"ListItem\",\"position\":3,\"name\":\"N\u00e1dr\u017e na pitnou vodu 2\u00a0m3\"}]},{\"@type\":\"WebSite\",\"@id\":\"https:\\\/\\\/www.phplast.cz\\\/#website\",\"url\":\"https:\\\/\\\/www.phplast.cz\\\/\",\"name\":\"PH-plast\",\"description\":\"V\u00fdrobce plastov\u00fdch baz\u00e9n\u016f, j\u00edmek, reten\u010dn\u00edch n\u00e1dr\u017e\u00ed, plastov\u00fdch sklep\u016f\",\"publisher\":{\"@id\":\"https:\\\/\\\/www.phplast.cz\\\/#organization\"},\"potentialAction\":[{\"@type\":\"SearchAction\",\"target\":{\"@type\":\"EntryPoint\",\"urlTemplate\":\"https:\\\/\\\/www.phplast.cz\\\/?s={search_term_string}\"},\"query-input\":{\"@type\":\"PropertyValueSpecification\",\"valueRequired\":true,\"valueName\":\"search_term_string\"}}],\"inLanguage\":\"sk-SK\"},{\"@type\":\"Organization\",\"@id\":\"https:\\\/\\\/www.phplast.cz\\\/#organization\",\"name\":\"PH-PLAST s.r.o.\",\"url\":\"https:\\\/\\\/www.phplast.cz\\\/\",\"logo\":{\"@type\":\"ImageObject\",\"inLanguage\":\"sk-SK\",\"@id\":\"https:\\\/\\\/www.phplast.cz\\\/#\\\/schema\\\/logo\\\/image\\\/\",\"url\":\"https:\\\/\\\/phplast.cz\\\/wp-content\\\/uploads\\\/2021\\\/05\\\/logo-1.svg\",\"contentUrl\":\"https:\\\/\\\/phplast.cz\\\/wp-content\\\/uploads\\\/2021\\\/05\\\/logo-1.svg\",\"width\":250,\"height\":85,\"caption\":\"PH-PLAST s.r.o.\"},\"image\":{\"@id\":\"https:\\\/\\\/www.phplast.cz\\\/#\\\/schema\\\/logo\\\/image\\\/\"},\"sameAs\":[\"https:\\\/\\\/www.facebook.com\\\/bazenyanadrze\"]}]}<\/script>\n<!-- \/ Yoast SEO plugin. -->","yoast_head_json":{"title":"N\u00e1dr\u017e na pitnou vodu 2\u00a0m3 - PH-plast","description":"N\u00e1dr\u017e na pitnou vodu o objemu 2 m3, ur\u010den\u00e1 k obetonov\u00e1n\u00ed a um\u00edst\u011bn\u00ed pod zem. Tyto n\u00e1dr\u017ee dod\u00e1v\u00e1me s kompletn\u00ed nutnou certifikac\u00ed pro kolaudaci.","robots":{"index":"index","follow":"follow","max-snippet":"max-snippet:-1","max-image-preview":"max-image-preview:large","max-video-preview":"max-video-preview:-1"},"canonical":"https:\/\/www.phplast.cz\/sk\/produkt\/nadrz-na-pitnou-vodu-2-m3-5-2\/","og_locale":"sk_SK","og_type":"article","og_title":"N\u00e1dr\u017e na pitnou vodu 2\u00a0m3 - PH-plast","og_description":"N\u00e1dr\u017e na pitnou vodu o objemu 2 m3, ur\u010den\u00e1 k obetonov\u00e1n\u00ed a um\u00edst\u011bn\u00ed pod zem. Tyto n\u00e1dr\u017ee dod\u00e1v\u00e1me s kompletn\u00ed nutnou certifikac\u00ed pro kolaudaci.","og_url":"https:\/\/www.phplast.cz\/sk\/produkt\/nadrz-na-pitnou-vodu-2-m3-5-2\/","og_site_name":"PH-plast","article_publisher":"https:\/\/www.facebook.com\/bazenyanadrze","article_modified_time":"2023-07-31T11:37:02+00:00","og_image":[{"url":"https:\/\/www.phplast.cz\/wp-content\/uploads\/2022\/02\/Nadrz-destova-kulata-k-obetonovani-1.jpg","width":1,"height":1,"type":"image\/jpeg"}],"twitter_card":"summary_large_image","schema":{"@context":"https:\/\/schema.org","@graph":[{"@type":"WebPage","@id":"https:\/\/www.phplast.cz\/produkt\/nadrz-na-pitnou-vodu-2-m3-5-2\/","url":"https:\/\/www.phplast.cz\/produkt\/nadrz-na-pitnou-vodu-2-m3-5-2\/","name":"N\u00e1dr\u017e na pitnou vodu 2\u00a0m3 - PH-plast","isPartOf":{"@id":"https:\/\/www.phplast.cz\/#website"},"primaryImageOfPage":{"@id":"https:\/\/www.phplast.cz\/produkt\/nadrz-na-pitnou-vodu-2-m3-5-2\/#primaryimage"},"image":{"@id":"https:\/\/www.phplast.cz\/produkt\/nadrz-na-pitnou-vodu-2-m3-5-2\/#primaryimage"},"thumbnailUrl":"https:\/\/www.phplast.cz\/wp-content\/uploads\/2022\/02\/Nadrz-destova-kulata-k-obetonovani-1.jpg","datePublished":"2022-02-20T14:58:20+00:00","dateModified":"2023-07-31T11:37:02+00:00","description":"N\u00e1dr\u017e na pitnou vodu o objemu 2 m3, ur\u010den\u00e1 k obetonov\u00e1n\u00ed a um\u00edst\u011bn\u00ed pod zem. Tyto n\u00e1dr\u017ee dod\u00e1v\u00e1me s kompletn\u00ed nutnou certifikac\u00ed pro kolaudaci.","breadcrumb":{"@id":"https:\/\/www.phplast.cz\/produkt\/nadrz-na-pitnou-vodu-2-m3-5-2\/#breadcrumb"},"inLanguage":"sk-SK","potentialAction":[{"@type":"ReadAction","target":["https:\/\/www.phplast.cz\/produkt\/nadrz-na-pitnou-vodu-2-m3-5-2\/"]}]},{"@type":"ImageObject","inLanguage":"sk-SK","@id":"https:\/\/www.phplast.cz\/produkt\/nadrz-na-pitnou-vodu-2-m3-5-2\/#primaryimage","url":"https:\/\/www.phplast.cz\/wp-content\/uploads\/2022\/02\/Nadrz-destova-kulata-k-obetonovani-1.jpg","contentUrl":"https:\/\/www.phplast.cz\/wp-content\/uploads\/2022\/02\/Nadrz-destova-kulata-k-obetonovani-1.jpg"},{"@type":"BreadcrumbList","@id":"https:\/\/www.phplast.cz\/produkt\/nadrz-na-pitnou-vodu-2-m3-5-2\/#breadcrumb","itemListElement":[{"@type":"ListItem","position":1,"name":"Dom\u016f","item":"https:\/\/www.phplast.cz\/"},{"@type":"ListItem","position":2,"name":"Obchod","item":"https:\/\/www.phplast.cz\/obchod\/"},{"@type":"ListItem","position":3,"name":"N\u00e1dr\u017e na pitnou vodu 2\u00a0m3"}]},{"@type":"WebSite","@id":"https:\/\/www.phplast.cz\/#website","url":"https:\/\/www.phplast.cz\/","name":"PH-plast","description":"V\u00fdrobce plastov\u00fdch baz\u00e9n\u016f, j\u00edmek, reten\u010dn\u00edch n\u00e1dr\u017e\u00ed, plastov\u00fdch sklep\u016f","publisher":{"@id":"https:\/\/www.phplast.cz\/#organization"},"potentialAction":[{"@type":"SearchAction","target":{"@type":"EntryPoint","urlTemplate":"https:\/\/www.phplast.cz\/?s={search_term_string}"},"query-input":{"@type":"PropertyValueSpecification","valueRequired":true,"valueName":"search_term_string"}}],"inLanguage":"sk-SK"},{"@type":"Organization","@id":"https:\/\/www.phplast.cz\/#organization","name":"PH-PLAST s.r.o.","url":"https:\/\/www.phplast.cz\/","logo":{"@type":"ImageObject","inLanguage":"sk-SK","@id":"https:\/\/www.phplast.cz\/#\/schema\/logo\/image\/","url":"https:\/\/phplast.cz\/wp-content\/uploads\/2021\/05\/logo-1.svg","contentUrl":"https:\/\/phplast.cz\/wp-content\/uploads\/2021\/05\/logo-1.svg","width":250,"height":85,"caption":"PH-PLAST s.r.o."},"image":{"@id":"https:\/\/www.phplast.cz\/#\/schema\/logo\/image\/"},"sameAs":["https:\/\/www.facebook.com\/bazenyanadrze"]}]}},"_links":{"self":[{"href":"https:\/\/www.phplast.cz\/sk\/wp-json\/wp\/v2\/product\/603","targetHints":{"allow":["GET"]}}],"collection":[{"href":"https:\/\/www.phplast.cz\/sk\/wp-json\/wp\/v2\/product"}],"about":[{"href":"https:\/\/www.phplast.cz\/sk\/wp-json\/wp\/v2\/types\/product"}],"wp:featuredmedia":[{"embeddable":true,"href":"https:\/\/www.phplast.cz\/sk\/wp-json\/wp\/v2\/media\/492"}],"wp:attachment":[{"href":"https:\/\/www.phplast.cz\/sk\/wp-json\/wp\/v2\/media?parent=603"}],"wp:term":[{"taxonomy":"product_brand","embeddable":true,"href":"https:\/\/www.phplast.cz\/sk\/wp-json\/wp\/v2\/product_brand?post=603"},{"taxonomy":"product_cat","embeddable":true,"href":"https:\/\/www.phplast.cz\/sk\/wp-json\/wp\/v2\/product_cat?post=603"},{"taxonomy":"product_tag","embeddable":true,"href":"https:\/\/www.phplast.cz\/sk\/wp-json\/wp\/v2\/product_tag?post=603"}],"curies":[{"name":"wp","href":"https:\/\/api.w.org\/{rel}","templated":true}]}}